{"id":64505,"date":"2022-01-01T18:06:01","date_gmt":"2022-01-01T18:06:01","guid":{"rendered":"https:\/\/jugadoors.hu\/?product=farao-uveges-osztos"},"modified":"2022-08-08T09:51:49","modified_gmt":"2022-08-08T09:51:49","slug":"farao-uveges-osztos","status":"publish","type":"product","link":"https:\/\/jugadoors.hu\/?product=farao-uveges-osztos","title":{"rendered":"F\u00c1RA\u00d3 &#8211; \u00fcveges oszt\u00f3s"},"content":{"rendered":"","protected":false},"excerpt":{"rendered":"","protected":false},"featured_media":1261,"comment_status":"closed","ping_status":"closed","template":"","meta":{"_acf_changed":false,"ocean_post_layout":"","ocean_both_sidebars_style":"","ocean_both_sidebars_content_width":0,"ocean_both_sidebars_sidebars_width":0,"ocean_sidebar":"0","ocean_second_sidebar":"0","ocean_disable_margins":"enable","ocean_add_body_class":"","ocean_shortcode_before_top_bar":"","ocean_shortcode_after_top_bar":"","ocean_shortcode_before_header":"","ocean_shortcode_after_header":"","ocean_has_shortcode":"","ocean_shortcode_after_title":"","ocean_shortcode_before_footer_widgets":"","ocean_shortcode_after_footer_widgets":"","ocean_shortcode_before_footer_bottom":"","ocean_shortcode_after_footer_bottom":"","ocean_display_top_bar":"default","ocean_display_header":"default","ocean_header_style":"","ocean_center_header_left_menu":"0","ocean_custom_header_template":"0","ocean_custom_logo":0,"ocean_custom_retina_logo":0,"ocean_custom_logo_max_width":0,"ocean_custom_logo_tablet_max_width":0,"ocean_custom_logo_mobile_max_width":0,"ocean_custom_logo_max_height":0,"ocean_custom_logo_tablet_max_height":0,"ocean_custom_logo_mobile_max_height":0,"ocean_header_custom_menu":"0","ocean_menu_typo_font_family":"0","ocean_menu_typo_font_subset":"","ocean_menu_typo_font_size":0,"ocean_menu_typo_font_size_tablet":0,"ocean_menu_typo_font_size_mobile":0,"ocean_menu_typo_font_size_unit":"px","ocean_menu_typo_font_weight":"","ocean_menu_typo_font_weight_tablet":"","ocean_menu_typo_font_weight_mobile":"","ocean_menu_typo_transform":"","ocean_menu_typo_transform_tablet":"","ocean_menu_typo_transform_mobile":"","ocean_menu_typo_line_height":0,"ocean_menu_typo_line_height_tablet":0,"ocean_menu_typo_line_height_mobile":0,"ocean_menu_typo_line_height_unit":"","ocean_menu_typo_spacing":0,"ocean_menu_typo_spacing_tablet":0,"ocean_menu_typo_spacing_mobile":0,"ocean_menu_typo_spacing_unit":"","ocean_menu_link_color":"","ocean_menu_link_color_hover":"","ocean_menu_link_color_active":"","ocean_menu_link_background":"","ocean_menu_link_hover_background":"","ocean_menu_link_active_background":"","ocean_menu_social_links_bg":"","ocean_menu_social_hover_links_bg":"","ocean_menu_social_links_color":"","ocean_menu_social_hover_links_color":"","ocean_disable_title":"default","ocean_disable_heading":"default","ocean_post_title":"","ocean_post_subheading":"","ocean_post_title_style":"","ocean_post_title_background_color":"","ocean_post_title_background":0,"ocean_post_title_bg_image_position":"","ocean_post_title_bg_image_attachment":"","ocean_post_title_bg_image_repeat":"","ocean_post_title_bg_image_size":"","ocean_post_title_height":0,"ocean_post_title_bg_overlay":0.5,"ocean_post_title_bg_overlay_color":"","ocean_disable_breadcrumbs":"default","ocean_breadcrumbs_color":"","ocean_breadcrumbs_separator_color":"","ocean_breadcrumbs_links_color":"","ocean_breadcrumbs_links_hover_color":"","ocean_display_footer_widgets":"default","ocean_display_footer_bottom":"default","ocean_custom_footer_template":"0"},"product_brand":[],"product_cat":[145],"product_tag":[136],"class_list":{"0":"post-64505","1":"product","2":"type-product","3":"status-publish","4":"has-post-thumbnail","6":"product_cat-ajtok","7":"product_tag-premium-plusz","8":"pa_darab-142","9":"pa_darab-141","10":"pa_felulet-festett","11":"pa_felulet-furner","12":"pa_stilus-keretes","13":"pa_szin-cseresznye-funer","14":"pa_szin-festett-feher","15":"pa_tipus-uveges-6","16":"pa_tipus-uveges-8","18":"entry","19":"has-media","21":"first","22":"instock","23":"purchasable","24":"product-type-variable","25":"has-default-attributes","26":"col","27":"span_1_of_5","28":"owp-content-center","29":"owp-thumbs-layout-horizontal","30":"owp-btn-normal","31":"owp-tabs-layout-section","32":"has-no-thumbnails"},"acf":[],"_links":{"self":[{"href":"https:\/\/jugadoors.hu\/index.php?rest_route=\/wp\/v2\/product\/64505","targetHints":{"allow":["GET"]}}],"collection":[{"href":"https:\/\/jugadoors.hu\/index.php?rest_route=\/wp\/v2\/product"}],"about":[{"href":"https:\/\/jugadoors.hu\/index.php?rest_route=\/wp\/v2\/types\/product"}],"replies":[{"embeddable":true,"href":"https:\/\/jugadoors.hu\/index.php?rest_route=%2Fwp%2Fv2%2Fcomments&post=64505"}],"wp:featuredmedia":[{"embeddable":true,"href":"https:\/\/jugadoors.hu\/index.php?rest_route=\/wp\/v2\/media\/1261"}],"wp:attachment":[{"href":"https:\/\/jugadoors.hu\/index.php?rest_route=%2Fwp%2Fv2%2Fmedia&parent=64505"}],"wp:term":[{"taxonomy":"product_brand","embeddable":true,"href":"https:\/\/jugadoors.hu\/index.php?rest_route=%2Fwp%2Fv2%2Fproduct_brand&post=64505"},{"taxonomy":"product_cat","embeddable":true,"href":"https:\/\/jugadoors.hu\/index.php?rest_route=%2Fwp%2Fv2%2Fproduct_cat&post=64505"},{"taxonomy":"product_tag","embeddable":true,"href":"https:\/\/jugadoors.hu\/index.php?rest_route=%2Fwp%2Fv2%2Fproduct_tag&post=64505"}],"curies":[{"name":"wp","href":"https:\/\/api.w.org\/{rel}","templated":true}]}}