{"id":68058,"date":"2022-07-20T23:17:59","date_gmt":"2022-07-20T23:17:59","guid":{"rendered":"https:\/\/jugadoors.hu\/?post_type=product&#038;p=68058"},"modified":"2022-08-19T19:27:34","modified_gmt":"2022-08-19T19:27:34","slug":"liza-vegigfuto-nagyuveges-furner","status":"publish","type":"product","link":"https:\/\/jugadoors.hu\/?product=liza-vegigfuto-nagyuveges-furner","title":{"rendered":"LIZA &#8211; v\u00e9gigfut\u00f3 nagy\u00fcveges furn\u00e9r"},"content":{"rendered":"<p>Liza Ez a sz\u00e9p, egyszer\u0171 belt\u00e9ri ajt\u00f3 a mai \u201eminim\u00e1l\u201d st\u00edlusnak megfelel. A sima fel\u00fclet\u0171 ajt\u00f3n j\u00f3l \u00e9rv\u00e9nyes\u00fcl valamennyi sz\u00edn. Az ajt\u00f3 k\u00e9rhet\u0151 f\u00fcgg\u0151leges illetve v\u00edzszintes sz\u00e1lir\u00e1nnyal, ami ezen a belt\u00e9ri ajt\u00f3n a leghangs\u00falyosabb. Egy eleg\u00e1ns, k\u00fcl\u00f6nleges kilinccsel \u201efel\u00f6lt\u00f6ztetve\u201d n\u00f6veli az adott t\u00e9r eleganci\u00e1j\u00e1t. Kedvez\u0151 \u00e1ra miatt lak\u00e1sokba, irod\u00e1kba, sz\u00e1llod\u00e1kba egyar\u00e1nt aj\u00e1nljuk.<\/p>\n","protected":false},"excerpt":{"rendered":"<p>Liza Ez a sz\u00e9p, egyszer\u0171 belt\u00e9ri ajt\u00f3 a mai \u201eminim\u00e1l\u201d st\u00edlusnak megfelel. A sima fel\u00fclet\u0171 ajt\u00f3n j\u00f3l \u00e9rv\u00e9nyes\u00fcl valamennyi sz\u00edn. Az ajt\u00f3 k\u00e9rhet\u0151 f\u00fcgg\u0151leges illetve v\u00edzszintes sz\u00e1lir\u00e1nnyal, ami ezen a belt\u00e9ri ajt\u00f3n a leghangs\u00falyosabb. Egy eleg\u00e1ns, k\u00fcl\u00f6nleges kilinccsel \u201efel\u00f6lt\u00f6ztetve\u201d n\u00f6veli az adott t\u00e9r eleganci\u00e1j\u00e1t. Kedvez\u0151 \u00e1ra miatt lak\u00e1sokba, irod\u00e1kba, sz\u00e1llod\u00e1kba egyar\u00e1nt aj\u00e1nljuk.<\/p>\n","protected":false},"featured_media":29061,"comment_status":"closed","ping_status":"closed","template":"","meta":{"_acf_changed":false,"ocean_post_layout":"","ocean_both_sidebars_style":"","ocean_both_sidebars_content_width":0,"ocean_both_sidebars_sidebars_width":0,"ocean_sidebar":"0","ocean_second_sidebar":"0","ocean_disable_margins":"enable","ocean_add_body_class":"","ocean_shortcode_before_top_bar":"","ocean_shortcode_after_top_bar":"","ocean_shortcode_before_header":"","ocean_shortcode_after_header":"","ocean_has_shortcode":"","ocean_shortcode_after_title":"","ocean_shortcode_before_footer_widgets":"","ocean_shortcode_after_footer_widgets":"","ocean_shortcode_before_footer_bottom":"","ocean_shortcode_after_footer_bottom":"","ocean_display_top_bar":"default","ocean_display_header":"default","ocean_header_style":"","ocean_center_header_left_menu":"0","ocean_custom_header_template":"0","ocean_custom_logo":0,"ocean_custom_retina_logo":0,"ocean_custom_logo_max_width":0,"ocean_custom_logo_tablet_max_width":0,"ocean_custom_logo_mobile_max_width":0,"ocean_custom_logo_max_height":0,"ocean_custom_logo_tablet_max_height":0,"ocean_custom_logo_mobile_max_height":0,"ocean_header_custom_menu":"0","ocean_menu_typo_font_family":"0","ocean_menu_typo_font_subset":"","ocean_menu_typo_font_size":0,"ocean_menu_typo_font_size_tablet":0,"ocean_menu_typo_font_size_mobile":0,"ocean_menu_typo_font_size_unit":"px","ocean_menu_typo_font_weight":"","ocean_menu_typo_font_weight_tablet":"","ocean_menu_typo_font_weight_mobile":"","ocean_menu_typo_transform":"","ocean_menu_typo_transform_tablet":"","ocean_menu_typo_transform_mobile":"","ocean_menu_typo_line_height":0,"ocean_menu_typo_line_height_tablet":0,"ocean_menu_typo_line_height_mobile":0,"ocean_menu_typo_line_height_unit":"","ocean_menu_typo_spacing":0,"ocean_menu_typo_spacing_tablet":0,"ocean_menu_typo_spacing_mobile":0,"ocean_menu_typo_spacing_unit":"","ocean_menu_link_color":"","ocean_menu_link_color_hover":"","ocean_menu_link_color_active":"","ocean_menu_link_background":"","ocean_menu_link_hover_background":"","ocean_menu_link_active_background":"","ocean_menu_social_links_bg":"","ocean_menu_social_hover_links_bg":"","ocean_menu_social_links_color":"","ocean_menu_social_hover_links_color":"","ocean_disable_title":"default","ocean_disable_heading":"default","ocean_post_title":"","ocean_post_subheading":"","ocean_post_title_style":"","ocean_post_title_background_color":"","ocean_post_title_background":0,"ocean_post_title_bg_image_position":"","ocean_post_title_bg_image_attachment":"","ocean_post_title_bg_image_repeat":"","ocean_post_title_bg_image_size":"","ocean_post_title_height":0,"ocean_post_title_bg_overlay":0.5,"ocean_post_title_bg_overlay_color":"","ocean_disable_breadcrumbs":"default","ocean_breadcrumbs_color":"","ocean_breadcrumbs_separator_color":"","ocean_breadcrumbs_links_color":"","ocean_breadcrumbs_links_hover_color":"","ocean_display_footer_widgets":"default","ocean_display_footer_bottom":"default","ocean_custom_footer_template":"0"},"product_brand":[],"product_cat":[145],"product_tag":[136],"class_list":{"0":"post-68058","1":"product","2":"type-product","3":"status-publish","4":"has-post-thumbnail","6":"product_cat-ajtok","7":"product_tag-premium-plusz","8":"pa_darab-139","9":"pa_felulet-cpl","10":"pa_felulet-festett","11":"pa_felulet-furner","12":"pa_stilus-vegigfuto","13":"pa_szin-algesztes-bukk","14":"pa_szin-antracit-vinil","15":"pa_szin-arlington-tolgy","16":"pa_szin-barna-sonoma-tolgy","17":"pa_szin-barna-szilva","18":"pa_szin-barna-tolgy","19":"pa_szin-egzota","20":"pa_szin-feher-aland-fenyo","21":"pa_szin-fekete","22":"pa_szin-festett-feher","23":"pa_szin-fustolt-dio","24":"pa_szin-gyemantszurke-koris","25":"pa_szin-homok","26":"pa_szin-karamel-koris","27":"pa_szin-lavaszurke-fleetwood","28":"pa_szin-meszes-tolgy","29":"pa_szin-moha-tolgy","30":"pa_szin-natur-bardolino-tolgy","31":"pa_szin-polar-aland-fenyo","32":"pa_szin-sotet-tolgy","33":"pa_szin-szaten-dio","34":"pa_szin-szurke-aland-fenyo","35":"pa_szin-vilagos-rauna-szil","36":"pa_szin-vilagos-tolgy","37":"pa_tipus-vegigfuto-nagyuveges-1","39":"entry","40":"has-media","42":"first","43":"instock","44":"purchasable","45":"product-type-variable","46":"has-default-attributes","47":"col","48":"span_1_of_5","49":"owp-content-center","50":"owp-thumbs-layout-horizontal","51":"owp-btn-normal","52":"owp-tabs-layout-section","53":"has-no-thumbnails"},"acf":[],"_links":{"self":[{"href":"https:\/\/jugadoors.hu\/index.php?rest_route=\/wp\/v2\/product\/68058","targetHints":{"allow":["GET"]}}],"collection":[{"href":"https:\/\/jugadoors.hu\/index.php?rest_route=\/wp\/v2\/product"}],"about":[{"href":"https:\/\/jugadoors.hu\/index.php?rest_route=\/wp\/v2\/types\/product"}],"replies":[{"embeddable":true,"href":"https:\/\/jugadoors.hu\/index.php?rest_route=%2Fwp%2Fv2%2Fcomments&post=68058"}],"wp:featuredmedia":[{"embeddable":true,"href":"https:\/\/jugadoors.hu\/index.php?rest_route=\/wp\/v2\/media\/29061"}],"wp:attachment":[{"href":"https:\/\/jugadoors.hu\/index.php?rest_route=%2Fwp%2Fv2%2Fmedia&parent=68058"}],"wp:term":[{"taxonomy":"product_brand","embeddable":true,"href":"https:\/\/jugadoors.hu\/index.php?rest_route=%2Fwp%2Fv2%2Fproduct_brand&post=68058"},{"taxonomy":"product_cat","embeddable":true,"href":"https:\/\/jugadoors.hu\/index.php?rest_route=%2Fwp%2Fv2%2Fproduct_cat&post=68058"},{"taxonomy":"product_tag","embeddable":true,"href":"https:\/\/jugadoors.hu\/index.php?rest_route=%2Fwp%2Fv2%2Fproduct_tag&post=68058"}],"curies":[{"name":"wp","href":"https:\/\/api.w.org\/{rel}","templated":true}]}}